{"id":28,"date":"2024-03-04T16:57:14","date_gmt":"2024-03-04T15:57:14","guid":{"rendered":"https:\/\/www.journee-mondiale.com\/nl\/?page_id=28"},"modified":"2025-03-13T20:14:05","modified_gmt":"2025-03-13T19:14:05","slug":"vores-historie","status":"publish","type":"page","link":"https:\/\/www.journee-mondiale.com\/nl\/vores-historie\/","title":{"rendered":"Historien om World Days-sitet"},"content":{"rendered":"<p class=\"whitespace-pre-wrap\">Id\u00e9en om at skabe et websted dedikeret til de verdensdage, der fejres rundt om i verden, opstod &#8220;en sk\u00f8nne morgen&#8221; i 2004 i hovedet p\u00e5 Vincent Tondeux, som, mens han lyttede til nyhedsudsendelser i radioen, blev sl\u00e5et af antallet af meddelelser om verdensdage, han kunne h\u00f8re hver dag.<\/p>\n<p><img decoding=\"async\" class=\"size-full wp-image-29 alignright\" src=\"https:\/\/www.journee-mondiale.com\/nl\/wp-content\/uploads\/2024\/03\/journees-mondiales.jpeg\" alt=\"journees-mondiales\" width=\"260\" height=\"247\" \/><\/p>\n<h2><strong>Fra id\u00e9 til hjemmeside<\/strong><\/h2>\n<p class=\"whitespace-pre-wrap\">Den side, du ser i dag, er den <strong>tredje version<\/strong>, som blev redesignet i <strong>2019<\/strong> for bedre at im\u00f8dekomme internetbrugere, der bruger deres smartphones.<\/p>\n<h2><strong>Dokumentarisk forskning<\/strong><\/h2>\n<p>Den dokumentariske forskning viste sig hurtigt at v\u00e6re kedelig, og opdagelsen af eksisterende verdensdage blev hurtigt koblet sammen med opgaven med at verificere disse dages &#8220;gyldighed&#8221; &#8230; man udr\u00e5ber ikke selv en verdensdag.<\/p>\n<p>Dette forskningsarbejde gjorde det muligt at f\u00e5 en mere pr\u00e6cis id\u00e9 om initiativtagerne til verdensdagene, som kan grupperes i forskellige kategorier:<\/p>\n<ul>\n<li>De ubestridelige: FN, UNESCO og organisationer, der er knyttet til dem.<\/li>\n<li>NGO&#8217;er: Deres legitimitet kommer fra kvaliteten af deres indsats. Ingen ville finde p\u00e5 at bestride Raoul Follereaus velbegrundede Verdensspedalskhedsdag&#8230;<\/li>\n<li>Kirker: Verdensfredsdagen blev indstiftet af den katolske kirke i 1979 p\u00e5 initiativ af pave Johannes Paul II, og det var f\u00f8rst i 2001, at FN indstiftede deres internationale fredsdag!<\/li>\n<li>Foreninger: Verdens blindedag, Verdens d\u00f8vedag osv. er ofte initieret af foreninger, hvis mission er at hj\u00e6lpe dem. Desv\u00e6rre er de ikke altid s\u00e6rlig organiserede, og der er f.eks. forskellige blindedage i forskellige lande. Man kan n\u00e6sten fare vild!<\/li>\n<li>Pressionsgrupper: Udtrykket er m\u00e5ske sjovt, men hvad med dage som Buy Nothing Day eller No Mobile Phone Day?<\/li>\n<li>De uklassificerbare: National Cheese Day og Pasta Day er en del af det &#8230; sammen med Laughter Day.<\/li>\n<\/ul>\n<p>Under alle omst\u00e6ndigheder \u00f8nskede vi ikke at skabe censur og har listet det maksimale antal dage, s\u00e5 l\u00e6nge de ikke kr\u00e6nker den menneskelige v\u00e6rdighed eller stammer fra organisationer, der er opf\u00f8rt som kulter.<\/p>\n<h2><strong>Et officielt &#8220;verdensdag&#8221;-m\u00e6rke?<\/strong><\/h2>\n<p>Findes der et officielt m\u00e6rke? Svaret p\u00e5 dette sp\u00f8rgsm\u00e5l er logisk nok nej. Verdensdagene er blevet indf\u00f8rt gradvist takket v\u00e6re initiativtagernes kommunikationsindsats, og der er ikke noget officielt organ, der er ansvarligt for at uddele et verdensdagsm\u00e6rke.<\/p>\n<p>S\u00e5 hvis du har lyst til at promovere en dag, er alt muligt &#8230; du skal dog vide, at du skal have mod, t\u00e5lmodighed, arbejde og en god portion held for at fange mediernes opm\u00e6rksomhed, som kan gribe din dag for at g\u00f8re den kendt for det st\u00f8rste antal mennesker.<\/p>\n<p>&nbsp;<\/p>\n","protected":false},"excerpt":{"rendered":"<p>Id\u00e9en om at skabe et websted dedikeret til de verdensdage, der fejres rundt om i verden, opstod &#8220;en sk\u00f8nne morgen&#8221; i 2004 i hovedet p\u00e5 Vincent Tondeux, som, mens han lyttede til nyhedsudsendelser i radioen, blev sl\u00e5et af antallet af meddelelser om verdensdage, han kunne h\u00f8re hver dag. Fra id\u00e9 til hjemmeside Den side, du &#8230; <a title=\"Historien om World Days-sitet\" class=\"read-more\" href=\"https:\/\/www.journee-mondiale.com\/nl\/vores-historie\/\" aria-label=\"Lees meer over Historien om World Days-sitet\">Lire plus<\/a><\/p>\n","protected":false},"author":1,"featured_media":0,"parent":0,"menu_order":0,"comment_status":"closed","ping_status":"closed","template":"","meta":{"footnotes":""},"class_list":["post-28","page","type-page","status-publish"],"acf":[],"_links":{"self":[{"href":"https:\/\/www.journee-mondiale.com\/nl\/wp-json\/wp\/v2\/pages\/28","targetHints":{"allow":["GET"]}}],"collection":[{"href":"https:\/\/www.journee-mondiale.com\/nl\/wp-json\/wp\/v2\/pages"}],"about":[{"href":"https:\/\/www.journee-mondiale.com\/nl\/wp-json\/wp\/v2\/types\/page"}],"author":[{"embeddable":true,"href":"https:\/\/www.journee-mondiale.com\/nl\/wp-json\/wp\/v2\/users\/1"}],"replies":[{"embeddable":true,"href":"https:\/\/www.journee-mondiale.com\/nl\/wp-json\/wp\/v2\/comments?post=28"}],"version-history":[{"count":2,"href":"https:\/\/www.journee-mondiale.com\/nl\/wp-json\/wp\/v2\/pages\/28\/revisions"}],"predecessor-version":[{"id":2024,"href":"https:\/\/www.journee-mondiale.com\/nl\/wp-json\/wp\/v2\/pages\/28\/revisions\/2024"}],"wp:attachment":[{"href":"https:\/\/www.journee-mondiale.com\/nl\/wp-json\/wp\/v2\/media?parent=28"}],"curies":[{"name":"wp","href":"https:\/\/api.w.org\/{rel}","templated":true}]}}