{"id":25,"date":"2024-03-04T16:55:03","date_gmt":"2024-03-04T15:55:03","guid":{"rendered":"https:\/\/www.journee-mondiale.com\/nl\/?page_id=25"},"modified":"2025-03-18T16:53:39","modified_gmt":"2025-03-18T15:53:39","slug":"juridisk-meddelelse","status":"publish","type":"page","link":"https:\/\/www.journee-mondiale.com\/nl\/juridisk-meddelelse\/","title":{"rendered":"Juridisk meddelelse"},"content":{"rendered":"<p><strong>Juridiske meddelelser &#8211; Fortrolighedspolitik<\/strong><\/p>\n<p>World Days&#8217; hjemmeside er udgivet af Renard Romain. Ejeren og\/eller udgiveren er en juridisk person. Ejer og\/eller udgiver af webstedet: Miaouw O\u00dc Udgiverens adresse: Sepapaja 6, Tallinn 15551, Estland Registreringsnummer (RCS): 14587256<\/p>\n<p>V\u00e6rt: OVH OVH SAS er et datterselskab af OVH Groupe SA, et selskab registreret hos RCS i Lille under nummer 537 407 926, beliggende p\u00e5 2, rue Kellermann, 59100 Roubaix.<\/p>\n<p>contact : contact@journee-mondiale (.) com<\/p>\n<h2><strong>Personlige data<\/strong><\/h2>\n<p>De data, du betror os, er n\u00f8dvendige for at behandle dine anmodninger og overf\u00f8res under ingen omst\u00e6ndigheder til andre organisationer. I overensstemmelse med lov nr. 78-17 af 6. januar 1978 om databehandling, filer og friheder har du ret til at f\u00e5 adgang til, konsultere, \u00e6ndre, rette og slette data, som du har kommunikeret til os med vores tjenester.<\/p>\n<h2><strong>Hypertekst-links<\/strong><\/h2>\n<p>Hypertekstlinks kan henvise til andre websteder end Verdensdagens websted. Verdensdagens websted kan under ingen omst\u00e6ndigheder holdes ansvarligt, hvis indholdet af disse andre websteder er i strid med g\u00e6ldende love og bestemmelser.<\/p>\n<p>Verdensdagen kan hverken direkte eller indirekte holdes ansvarlig, uanset \u00e5rsag:<\/p>\n<ul>\n<li>i tilf\u00e6lde af, at brugerne af webstedet bruger de intellektuelle v\u00e6rker, der er gengivet p\u00e5 webstedet, ulovligt og i strid med reglerne<\/li>\n<li>i tilf\u00e6lde af afbrydelse af webstedets service motiveret af vedligeholdelsesoperationer eller af webstedets brugeres adf\u00e6rd<\/li>\n<li>i tilf\u00e6lde af utilg\u00e6ngelighed og\/eller manglende evne til at bruge webstedet af enhver bruger af webstedet<\/li>\n<li>i tilf\u00e6lde af udstyrsfejl<\/li>\n<\/ul>\n","protected":false},"excerpt":{"rendered":"<p>Juridiske meddelelser &#8211; Fortrolighedspolitik World Days&#8217; hjemmeside er udgivet af Renard Romain. Ejeren og\/eller udgiveren er en juridisk person. Ejer og\/eller udgiver af webstedet: Miaouw O\u00dc Udgiverens adresse: Sepapaja 6, Tallinn 15551, Estland Registreringsnummer (RCS): 14587256 V\u00e6rt: OVH OVH SAS er et datterselskab af OVH Groupe SA, et selskab registreret hos RCS i Lille under &#8230; <a title=\"Juridisk meddelelse\" class=\"read-more\" href=\"https:\/\/www.journee-mondiale.com\/nl\/juridisk-meddelelse\/\" aria-label=\"Lees meer over Juridisk meddelelse\">Lire plus<\/a><\/p>\n","protected":false},"author":1,"featured_media":0,"parent":0,"menu_order":0,"comment_status":"closed","ping_status":"closed","template":"","meta":{"footnotes":""},"class_list":["post-25","page","type-page","status-publish"],"acf":[],"_links":{"self":[{"href":"https:\/\/www.journee-mondiale.com\/nl\/wp-json\/wp\/v2\/pages\/25","targetHints":{"allow":["GET"]}}],"collection":[{"href":"https:\/\/www.journee-mondiale.com\/nl\/wp-json\/wp\/v2\/pages"}],"about":[{"href":"https:\/\/www.journee-mondiale.com\/nl\/wp-json\/wp\/v2\/types\/page"}],"author":[{"embeddable":true,"href":"https:\/\/www.journee-mondiale.com\/nl\/wp-json\/wp\/v2\/users\/1"}],"replies":[{"embeddable":true,"href":"https:\/\/www.journee-mondiale.com\/nl\/wp-json\/wp\/v2\/comments?post=25"}],"version-history":[{"count":4,"href":"https:\/\/www.journee-mondiale.com\/nl\/wp-json\/wp\/v2\/pages\/25\/revisions"}],"predecessor-version":[{"id":2301,"href":"https:\/\/www.journee-mondiale.com\/nl\/wp-json\/wp\/v2\/pages\/25\/revisions\/2301"}],"wp:attachment":[{"href":"https:\/\/www.journee-mondiale.com\/nl\/wp-json\/wp\/v2\/media?parent=25"}],"curies":[{"name":"wp","href":"https:\/\/api.w.org\/{rel}","templated":true}]}}