{"id":25,"date":"2024-03-04T16:55:03","date_gmt":"2024-03-04T15:55:03","guid":{"rendered":"https:\/\/www.journee-mondiale.com\/es\/?page_id=25"},"modified":"2025-03-24T01:45:11","modified_gmt":"2025-03-24T05:45:11","slug":"aviso-legal","status":"publish","type":"page","link":"https:\/\/www.journee-mondiale.com\/es\/aviso-legal\/","title":{"rendered":"Aviso legal"},"content":{"rendered":"<p class=\"whitespace-pre-wrap\"><strong>Avisos legales &#8211; Pol\u00edtica de privacidad<\/strong><\/p>\n<p class=\"whitespace-pre-wrap\">El sitio web World Days est\u00e1 publicado por Renard Romain. El propietario y\/o editor es una entidad legal. Propietario y\/o editor del sitio: Miaouw O\u00dc Direcci\u00f3n del editor: Sepapaja 6, Tallin 15551, Estonia N\u00famero de registro (RCS): 14587256<\/p>\n<p class=\"whitespace-pre-wrap\">Alojamiento: OVH OVH SAS es una filial de OVH Groupe SA, una empresa registrada en el RCS de Lille con el n\u00famero 537 407 926, ubicada en 2, rue Kellermann, 59100 Roubaix<\/p>\n<h2><strong>Datos personales<\/strong><\/h2>\n<p class=\"whitespace-pre-wrap\">Los datos que nos conf\u00edas son necesarios para procesar tus solicitudes y en ning\u00fan caso se transmiten a otras organizaciones. De conformidad con la Ley n.\u00ba 78-17 de 6 de enero de 1978 relativa al tratamiento de datos, archivos y libertades, tienes derecho a acceder, consultar, modificar, rectificar y eliminar los datos que nos hayas comunicado a trav\u00e9s de nuestros servicios.<\/p>\n<h2><strong>Enlaces de hipertexto<\/strong><\/h2>\n<p class=\"whitespace-pre-wrap\">Los enlaces de hipertexto pueden redirigir a sitios distintos del sitio World Days. En ning\u00fan caso el sitio World Days puede ser considerado responsable si el contenido de dichos sitios contraviene las disposiciones legales y reglamentarias vigentes.<\/p>\n<p class=\"whitespace-pre-wrap\">La responsabilidad de World Days no podr\u00e1 ser directa ni indirectamente comprometida, por ning\u00fan motivo ni causa alguna:<\/p>\n<ul class=\"list-disc pl-8 space-y-2\">\n<li class=\"whitespace-normal\">en caso de uso ilegal y contrario a la ley por parte de los usuarios del sitio de las obras intelectuales reproducidas en el mismo<\/li>\n<li class=\"whitespace-normal\">en caso de interrupci\u00f3n del servicio del sitio motivada por operaciones de mantenimiento o por el comportamiento de los usuarios<\/li>\n<li class=\"whitespace-normal\">en caso de inaccesibilidad y\/o imposibilidad de uso del sitio por cualquier usuario<\/li>\n<li class=\"whitespace-normal\">en caso de da\u00f1os materiales de cualquier tipo, o p\u00e9rdida de datos durante una conexi\u00f3n al sitio World Days<\/li>\n<\/ul>\n","protected":false},"excerpt":{"rendered":"<p>Avisos legales &#8211; Pol\u00edtica de privacidad El sitio web World Days est\u00e1 publicado por Renard Romain. El propietario y\/o editor es una entidad legal. Propietario y\/o editor del sitio: Miaouw O\u00dc Direcci\u00f3n del editor: Sepapaja 6, Tallin 15551, Estonia N\u00famero de registro (RCS): 14587256 Alojamiento: OVH OVH SAS es una filial de OVH Groupe SA, &#8230; <a title=\"Aviso legal\" class=\"read-more\" href=\"https:\/\/www.journee-mondiale.com\/es\/aviso-legal\/\" aria-label=\"Leer m\u00e1s sobre Aviso legal\">Lire plus<\/a><\/p>\n","protected":false},"author":1,"featured_media":0,"parent":0,"menu_order":0,"comment_status":"closed","ping_status":"closed","template":"","meta":{"footnotes":""},"class_list":["post-25","page","type-page","status-publish"],"acf":[],"_yoast_wpseo_primary_category":null,"_yoast_wpseo_title":null,"_yoast_wpseo_metadesc":null,"_links":{"self":[{"href":"https:\/\/www.journee-mondiale.com\/es\/wp-json\/wp\/v2\/pages\/25","targetHints":{"allow":["GET"]}}],"collection":[{"href":"https:\/\/www.journee-mondiale.com\/es\/wp-json\/wp\/v2\/pages"}],"about":[{"href":"https:\/\/www.journee-mondiale.com\/es\/wp-json\/wp\/v2\/types\/page"}],"author":[{"embeddable":true,"href":"https:\/\/www.journee-mondiale.com\/es\/wp-json\/wp\/v2\/users\/1"}],"replies":[{"embeddable":true,"href":"https:\/\/www.journee-mondiale.com\/es\/wp-json\/wp\/v2\/comments?post=25"}],"version-history":[{"count":6,"href":"https:\/\/www.journee-mondiale.com\/es\/wp-json\/wp\/v2\/pages\/25\/revisions"}],"predecessor-version":[{"id":12185,"href":"https:\/\/www.journee-mondiale.com\/es\/wp-json\/wp\/v2\/pages\/25\/revisions\/12185"}],"wp:attachment":[{"href":"https:\/\/www.journee-mondiale.com\/es\/wp-json\/wp\/v2\/media?parent=25"}],"curies":[{"name":"wp","href":"https:\/\/api.w.org\/{rel}","templated":true}]}}