{"id":25,"date":"2024-03-04T16:55:03","date_gmt":"2024-03-04T15:55:03","guid":{"rendered":"https:\/\/www.journee-mondiale.com\/de\/?page_id=25"},"modified":"2025-03-04T21:39:33","modified_gmt":"2025-03-05T02:39:33","slug":"juridisk-informationen","status":"publish","type":"page","link":"https:\/\/www.journee-mondiale.com\/de\/juridisk-informationen\/","title":{"rendered":"Juridisk Informationen"},"content":{"rendered":"<p><strong>Rechtliche Informationen &#8211; Datenschutzpolitik<\/strong><\/p>\n<p>Die Website World Days wird von Renard Romain ver\u00f6ffentlicht. Der Eigent\u00fcmer und\/oder Herausgeber ist eine juristische Person. Eigent\u00fcmer und\/oder Herausgeber der Website: Miaouw O\u00dc Anschrift des Herausgebers: Sepapaja 6, Tallinn 15551, Estland Registrierungsnummer (RCS): 14587256<\/p>\n<p>Hosting-Dienst: OVH OVH SAS ist eine Tochtergesellschaft der OVH Groupe SA, einer beim RCS von Lille unter der Nummer 537 407 926 eingetragenen Gesellschaft mit Sitz in 2, rue Kellermann, 59100 Roubaix<\/p>\n<h2><strong>Pers\u00f6nliche Daten<\/strong><\/h2>\n<p>Die Daten, die Sie uns anvertrauen, sind notwendig, um Ihre Anfragen zu bearbeiten und werden unter keinen Umst\u00e4nden an andere Organisationen weitergegeben. Gem\u00e4\u00df dem Gesetz Nr. 78-17 vom 6. Januar 1978 \u00fcber die Datenverarbeitung, die Dateien und die Freiheiten haben Sie ein Recht auf Zugang, Einsicht, \u00c4nderung, Berichtigung und L\u00f6schung der Daten, die Sie unseren Diensten zur Verf\u00fcgung gestellt haben.<\/p>\n<h2><strong>Hyperlinks<\/strong><\/h2>\n<p>Hyperlinks k\u00f6nnen auf andere Websites als die World Days-Website verweisen. Die World Days Website kann unter keinen Umst\u00e4nden daf\u00fcr verantwortlich gemacht werden, wenn der Inhalt dieser anderen Websites gegen geltende Gesetze und Vorschriften verst\u00f6\u00dft.<\/p>\n<p>Die World Days Website kann weder direkt noch indirekt verantwortlich gemacht werden, aus welchem Grund und aus welchem Grund auch immer:<\/p>\n<ul>\n<li>im Falle einer illegalen und unrechtm\u00e4\u00dfigen Nutzung der auf der Website wiedergegebenen geistigen Werke durch die Nutzer der Website<\/li>\n<li>im Falle einer Unterbrechung des Dienstes der Website aufgrund von Wartungsarbeiten oder des Verhaltens der Benutzer der Website<\/li>\n<li>im Falle der Nichtverf\u00fcgbarkeit und\/oder der Unf\u00e4higkeit zur Nutzung der Website durch einen Website-Nutzer<\/li>\n<li>im Falle von Sch\u00e4den an Ger\u00e4ten jeglicher Art, Datenverlust, w\u00e4hrend einer Verbindung mit der World Days Webseite<\/li>\n<\/ul>\n<p>&nbsp;<\/p>\n","protected":false},"excerpt":{"rendered":"<p>Rechtliche Informationen &#8211; Datenschutzpolitik Die Website World Days wird von Renard Romain ver\u00f6ffentlicht. Der Eigent\u00fcmer und\/oder Herausgeber ist eine juristische Person. Eigent\u00fcmer und\/oder Herausgeber der Website: Miaouw O\u00dc Anschrift des Herausgebers: Sepapaja 6, Tallinn 15551, Estland Registrierungsnummer (RCS): 14587256 Hosting-Dienst: OVH OVH SAS ist eine Tochtergesellschaft der OVH Groupe SA, einer beim RCS von Lille &#8230; <a title=\"Juridisk Informationen\" class=\"read-more\" href=\"https:\/\/www.journee-mondiale.com\/de\/juridisk-informationen\/\" aria-label=\"Mehr Informationen \u00fcber Juridisk Informationen\">Lire plus<\/a><\/p>\n","protected":false},"author":1,"featured_media":0,"parent":0,"menu_order":0,"comment_status":"closed","ping_status":"closed","template":"","meta":{"footnotes":""},"class_list":["post-25","page","type-page","status-publish"],"acf":[],"_yoast_wpseo_primary_category":null,"_yoast_wpseo_title":null,"_yoast_wpseo_metadesc":null,"_links":{"self":[{"href":"https:\/\/www.journee-mondiale.com\/de\/wp-json\/wp\/v2\/pages\/25","targetHints":{"allow":["GET"]}}],"collection":[{"href":"https:\/\/www.journee-mondiale.com\/de\/wp-json\/wp\/v2\/pages"}],"about":[{"href":"https:\/\/www.journee-mondiale.com\/de\/wp-json\/wp\/v2\/types\/page"}],"author":[{"embeddable":true,"href":"https:\/\/www.journee-mondiale.com\/de\/wp-json\/wp\/v2\/users\/1"}],"replies":[{"embeddable":true,"href":"https:\/\/www.journee-mondiale.com\/de\/wp-json\/wp\/v2\/comments?post=25"}],"version-history":[{"count":6,"href":"https:\/\/www.journee-mondiale.com\/de\/wp-json\/wp\/v2\/pages\/25\/revisions"}],"predecessor-version":[{"id":12185,"href":"https:\/\/www.journee-mondiale.com\/de\/wp-json\/wp\/v2\/pages\/25\/revisions\/12185"}],"wp:attachment":[{"href":"https:\/\/www.journee-mondiale.com\/de\/wp-json\/wp\/v2\/media?parent=25"}],"curies":[{"name":"wp","href":"https:\/\/api.w.org\/{rel}","templated":true}]}}