{"id":16739,"date":"2025-09-19T10:52:10","date_gmt":"2025-09-19T08:52:10","guid":{"rendered":"https:\/\/www.journee-mondiale.com\/boutique\/?page_id=16739"},"modified":"2025-09-19T10:52:12","modified_gmt":"2025-09-19T08:52:12","slug":"mentions-legales","status":"publish","type":"page","link":"https:\/\/www.journee-mondiale.com\/boutique\/mentions-legales\/","title":{"rendered":"Mentions l\u00e9gales"},"content":{"rendered":"\n<p>Le site internet <strong>journee-mondiale.com<\/strong> est \u00e9dit\u00e9 par l&rsquo;agence Media Miaouw O\u00dc.<\/p>\n\n\n\n<p>Le propri\u00e9taire et\/ou \u00e9diteur est une personne morale.<\/p>\n\n\n\n<p><strong>Propri\u00e9taire et\/ou \u00e9diteur du site :<\/strong> Miaouw O\u00dc<br><strong>Adresse \u00e9diteur :<\/strong> Sepapaja 6, Tallinn 15551, Estonia<br><strong>Num\u00e9ro d&rsquo;immatriculation :<\/strong> 14587256a<br><strong>TVA :<\/strong> EE102107393<\/p>\n\n\n\n<p><strong>H\u00e9bergeur :<\/strong> OVH<br>OVH SAS est une filiale de la soci\u00e9t\u00e9 OVH Groupe SA, soci\u00e9t\u00e9 immatricul\u00e9e au RCS de Lille sous le num\u00e9ro 537 407 926 sise 2, rue Kellermann, 59100 Roubaix<\/p>\n\n\n\n<p><strong>H\u00e9bergement :<\/strong> Odiso<br>59110 La Madeleine<\/p>\n\n\n\n<h2 class=\"wp-block-heading\">Donn\u00e9es personnelles<\/h2>\n\n\n\n<p>Les donn\u00e9es que vous nous confiez sont n\u00e9cessaires au traitement de vos demandes et ne sont en aucun cas transmises \u00e0 d&rsquo;autres organismes. En vertu de la loi n\u00b0 78-17 du 6 janvier 1978 relative \u00e0 l&rsquo;informatique, aux fichiers et aux libert\u00e9s, vous disposez aupr\u00e8s de nos services d&rsquo;un droit d&rsquo;acc\u00e8s, de consultation, de modification, de rectification et de suppression des donn\u00e9es que vous nous avez communiqu\u00e9es.<\/p>\n\n\n\n<h2 class=\"wp-block-heading\">Liens hypertextes<\/h2>\n\n\n\n<p>Des liens hypertextes peuvent renvoyer vers d&rsquo;autres sites que le site <strong><strong>journee-mondiale.com<\/strong><\/strong>. En aucun cas le site <strong><strong>journee-mondiale.com<\/strong><\/strong> ne saurait \u00eatre tenu responsable dans le cas o\u00f9 le contenu desdits autres sites contreviendrait aux dispositions l\u00e9gales et r\u00e9glementaires en vigueur.<\/p>\n\n\n\n<h2 class=\"wp-block-heading\">Responsabilit\u00e9<\/h2>\n\n\n\n<p>La responsabilit\u00e9 <strong><strong>journee-mondiale.com<\/strong><\/strong> ne saurait \u00eatre directement ou indirectement retenue, \u00e0 quelque titre et pour quelque cause que ce soit:<\/p>\n\n\n\n<ul class=\"wp-block-list\">\n<li>en cas d&rsquo;utilisation ill\u00e9gale et contrevenante par des utilisateurs du site des \u0153uvres de l&rsquo;esprit reproduites sur le site<\/li>\n\n\n\n<li>en cas d&rsquo;interruption de service du site motiv\u00e9e par des op\u00e9rations de maintenance ou par les comportements des utilisateurs du site<\/li>\n\n\n\n<li>en cas d&rsquo;inaccessibilit\u00e9 et\/ou en cas d&rsquo;incapacit\u00e9 \u00e0 utiliser le site par tout utilisateur du site<\/li>\n\n\n\n<li>en cas de dommages d&rsquo;\u00e9quipements de toute forme que ce soit, de pertes de donn\u00e9es, lors d&rsquo;une connexion sur le site <strong>Pedopsydebre.org<\/strong><\/li>\n<\/ul>\n","protected":false},"excerpt":{"rendered":"<p>Le site internet journee-mondiale.com est \u00e9dit\u00e9 par l&rsquo;agence Media Miaouw O\u00dc. Le propri\u00e9taire et\/ou \u00e9diteur est une personne morale. Propri\u00e9taire et\/ou \u00e9diteur du site : Miaouw O\u00dcAdresse \u00e9diteur : Sepapaja 6, Tallinn 15551, EstoniaNum\u00e9ro d&rsquo;immatriculation : 14587256aTVA : EE102107393 H\u00e9bergeur : OVHOVH SAS est une filiale de la soci\u00e9t\u00e9 OVH Groupe SA, soci\u00e9t\u00e9 immatricul\u00e9e au &#8230; <a title=\"Mentions l\u00e9gales\" class=\"read-more\" href=\"https:\/\/www.journee-mondiale.com\/boutique\/mentions-legales\/\" aria-label=\"En savoir plus sur Mentions l\u00e9gales\">Lire plus<\/a><\/p>\n","protected":false},"author":1,"featured_media":0,"parent":0,"menu_order":0,"comment_status":"closed","ping_status":"closed","template":"","meta":{"_acf_changed":false,"footnotes":""},"class_list":["post-16739","page","type-page","status-publish"],"acf":[],"_yoast_wpseo_primary_category":null,"_yoast_wpseo_title":null,"_yoast_wpseo_metadesc":null,"_links":{"self":[{"href":"https:\/\/www.journee-mondiale.com\/boutique\/wp-json\/wp\/v2\/pages\/16739","targetHints":{"allow":["GET"]}}],"collection":[{"href":"https:\/\/www.journee-mondiale.com\/boutique\/wp-json\/wp\/v2\/pages"}],"about":[{"href":"https:\/\/www.journee-mondiale.com\/boutique\/wp-json\/wp\/v2\/types\/page"}],"author":[{"embeddable":true,"href":"https:\/\/www.journee-mondiale.com\/boutique\/wp-json\/wp\/v2\/users\/1"}],"replies":[{"embeddable":true,"href":"https:\/\/www.journee-mondiale.com\/boutique\/wp-json\/wp\/v2\/comments?post=16739"}],"version-history":[{"count":1,"href":"https:\/\/www.journee-mondiale.com\/boutique\/wp-json\/wp\/v2\/pages\/16739\/revisions"}],"predecessor-version":[{"id":16740,"href":"https:\/\/www.journee-mondiale.com\/boutique\/wp-json\/wp\/v2\/pages\/16739\/revisions\/16740"}],"wp:attachment":[{"href":"https:\/\/www.journee-mondiale.com\/boutique\/wp-json\/wp\/v2\/media?parent=16739"}],"curies":[{"name":"wp","href":"https:\/\/api.w.org\/{rel}","templated":true}]}}